{"id":2694,"date":"2020-05-13T18:03:33","date_gmt":"2020-05-13T16:03:33","guid":{"rendered":"https:\/\/www.barconsgibert.es\/?page_id=2694"},"modified":"2020-07-03T16:33:36","modified_gmt":"2020-07-03T14:33:36","slug":"propietat-vertical","status":"publish","type":"page","link":"https:\/\/www.barconsgibert.es\/ca\/serveis\/propietat-vertical\/","title":{"rendered":"Propietat vertical"},"content":{"rendered":"\t\t<div data-elementor-type=\"wp-post\" data-elementor-id=\"2694\" class=\"elementor elementor-2694\" data-elementor-settings=\"[]\">\n\t\t\t<div class=\"elementor-inner\">\n\t\t\t\t<div class=\"elementor-section-wrap\">\n\t\t\t\t\t\t\t<section class=\"elementor-element elementor-element-7e29b25 elementor-section-boxed elementor-section-height-default elementor-section-height-default elementor-invisible elementor-section elementor-top-section\" data-id=\"7e29b25\" data-element_type=\"section\" data-settings=\"{&quot;background_background&quot;:&quot;classic&quot;,&quot;animation&quot;:&quot;fadeIn&quot;}\">\n\t\t\t\t\t\t<div class=\"elementor-container elementor-column-gap-default\">\n\t\t\t\t<div class=\"elementor-row\">\n\t\t\t\t<div class=\"elementor-element elementor-element-5e8cde5 elementor-column elementor-col-100 elementor-top-column\" data-id=\"5e8cde5\" data-element_type=\"column\">\n\t\t\t<div class=\"elementor-column-wrap  elementor-element-populated\">\n\t\t\t\t\t<div class=\"elementor-widget-wrap\">\n\t\t\t\t<div class=\"elementor-element elementor-element-d73bb5e elementor-widget elementor-widget-spacer\" data-id=\"d73bb5e\" data-element_type=\"widget\" data-widget_type=\"spacer.default\">\n\t\t\t\t<div class=\"elementor-widget-container\">\n\t\t\t\t\t<div class=\"elementor-spacer\">\n\t\t\t<div class=\"elementor-spacer-inner\"><\/div>\n\t\t<\/div>\n\t\t\t\t<\/div>\n\t\t\t\t<\/div>\n\t\t\t\t<section class=\"elementor-element elementor-element-587b07c elementor-section-boxed elementor-section-height-default elementor-section-height-default elementor-section elementor-inner-section\" data-id=\"587b07c\" data-element_type=\"section\">\n\t\t\t\t\t\t<div class=\"elementor-container elementor-column-gap-default\">\n\t\t\t\t<div class=\"elementor-row\">\n\t\t\t\t<div class=\"elementor-element elementor-element-af0737d elementor-column elementor-col-100 elementor-inner-column\" data-id=\"af0737d\" data-element_type=\"column\">\n\t\t\t<div class=\"elementor-column-wrap  elementor-element-populated\">\n\t\t\t\t\t<div class=\"elementor-widget-wrap\">\n\t\t\t\t<div class=\"elementor-element elementor-element-ae3633d elementor-widget elementor-widget-text-editor\" data-id=\"ae3633d\" data-element_type=\"widget\" data-widget_type=\"text-editor.default\">\n\t\t\t\t<div class=\"elementor-widget-container\">\n\t\t\t\t\t<div class=\"elementor-text-editor elementor-clearfix\"><p>La nostra funci\u00f3 \u00e9s assessorar-lo de les millors condicions per arrendar el seu habitatge, local de negoci o nau industrial, o qualsevol b\u00e9 immoble. El nostre equip li pot donar un servei integral, que no nom\u00e9s queda en la redacci\u00f3 del contracte de lloguer concret, sin\u00f3 que tamb\u00e9 podem intervenir en l&#8217;\u00e0mbit jurisdiccional. Tamb\u00e9 si ho desitja, li gestionem els seus lloguers perqu\u00e8 no s&#8217;hagi de preocupar ni de les incid\u00e8ncies, venciments de contractes, cobrament de les rendes o altres circumst\u00e0ncies que es puguin donar a la vida d&#8217;un contracte. Treballem amb diversos portals immobiliaris a fi que el seu immoble es pugui arrendar en poc temps.<\/p>\n\n<p>Aix\u00ed mateix, en atenci\u00f3 a la nostra formaci\u00f3 jur\u00eddica, podem assistir-lo davant dels Jutjats i Tribunals.<\/p><\/div>\n\t\t\t\t<\/div>\n\t\t\t\t<\/div>\n\t\t\t\t<div class=\"elementor-element elementor-element-7219f54 elementor-widget elementor-widget-spacer\" data-id=\"7219f54\" data-element_type=\"widget\" data-widget_type=\"spacer.default\">\n\t\t\t\t<div class=\"elementor-widget-container\">\n\t\t\t\t\t<div class=\"elementor-spacer\">\n\t\t\t<div class=\"elementor-spacer-inner\"><\/div>\n\t\t<\/div>\n\t\t\t\t<\/div>\n\t\t\t\t<\/div>\n\t\t\t\t<div class=\"elementor-element elementor-element-0c8c153 elementor-widget elementor-widget-text-editor\" data-id=\"0c8c153\" data-element_type=\"widget\" data-widget_type=\"text-editor.default\">\n\t\t\t\t<div class=\"elementor-widget-container\">\n\t\t\t\t\t<div class=\"elementor-text-editor elementor-clearfix\"><p>A <strong>Barcons\u00a0<span style=\"color: #db8f17;\">&amp;\u00a0<\/span>Gibert<\/strong>:<\/p><\/div>\n\t\t\t\t<\/div>\n\t\t\t\t<\/div>\n\t\t\t\t<div class=\"elementor-element elementor-element-fc2bb8e elementor-icon-list--layout-traditional elementor-widget elementor-widget-icon-list\" data-id=\"fc2bb8e\" data-element_type=\"widget\" data-widget_type=\"icon-list.default\">\n\t\t\t\t<div class=\"elementor-widget-container\">\n\t\t\t\t\t<ul class=\"elementor-icon-list-items\">\n\t\t\t\t\t\t\t<li class=\"elementor-icon-list-item\" >\n\t\t\t\t\t\t\t\t\t\t\t<span class=\"elementor-icon-list-icon\">\n\t\t\t\t\t\t\t<i aria-hidden=\"true\" class=\"fas fa-chevron-right\"><\/i>\t\t\t\t\t\t<\/span>\n\t\t\t\t\t\t\t\t\t\t<span class=\"elementor-icon-list-text\">Redaccions dels contractes d'arrendament.<\/span>\n\t\t\t\t\t\t\t\t\t<\/li>\n\t\t\t\t\t\t\t\t<li class=\"elementor-icon-list-item\" >\n\t\t\t\t\t\t\t\t\t\t\t<span class=\"elementor-icon-list-icon\">\n\t\t\t\t\t\t\t<i aria-hidden=\"true\" class=\"fas fa-chevron-right\"><\/i>\t\t\t\t\t\t<\/span>\n\t\t\t\t\t\t\t\t\t\t<span class=\"elementor-icon-list-text\">Administraci\u00f3 i gesti\u00f3 dels arrendaments i les incid\u00e8ncies.<\/span>\n\t\t\t\t\t\t\t\t\t<\/li>\n\t\t\t\t\t\t<\/ul>\n\t\t\t\t<\/div>\n\t\t\t\t<\/div>\n\t\t\t\t\t\t<\/div>\n\t\t\t<\/div>\n\t\t<\/div>\n\t\t\t\t\t\t<\/div>\n\t\t\t<\/div>\n\t\t<\/section>\n\t\t\t\t<div class=\"elementor-element elementor-element-75679db elementor-widget elementor-widget-spacer\" data-id=\"75679db\" data-element_type=\"widget\" data-widget_type=\"spacer.default\">\n\t\t\t\t<div class=\"elementor-widget-container\">\n\t\t\t\t\t<div class=\"elementor-spacer\">\n\t\t\t<div class=\"elementor-spacer-inner\"><\/div>\n\t\t<\/div>\n\t\t\t\t<\/div>\n\t\t\t\t<\/div>\n\t\t\t\t<div class=\"elementor-element elementor-element-42605c4 elementor-widget elementor-widget-spacer\" data-id=\"42605c4\" data-element_type=\"widget\" data-widget_type=\"spacer.default\">\n\t\t\t\t<div class=\"elementor-widget-container\">\n\t\t\t\t\t<div class=\"elementor-spacer\">\n\t\t\t<div class=\"elementor-spacer-inner\"><\/div>\n\t\t<\/div>\n\t\t\t\t<\/div>\n\t\t\t\t<\/div>\n\t\t\t\t\t\t<\/div>\n\t\t\t<\/div>\n\t\t<\/div>\n\t\t\t\t\t\t<\/div>\n\t\t\t<\/div>\n\t\t<\/section>\n\t\t\t\t\t\t<\/div>\n\t\t\t<\/div>\n\t\t<\/div>\n\t\t","protected":false},"excerpt":{"rendered":"<p>La nostra funci\u00f3 \u00e9s assessorar-lo de les millors condicions per arrendar el seu habitatge, local de negoci o nau industrial, o qualsevol b\u00e9 immoble. El nostre equip li pot donar un servei integral, que no nom\u00e9s queda en la redacci\u00f3 del contracte de lloguer concret, sin\u00f3 que tamb\u00e9 podem intervenir en l&#8217;\u00e0mbit jurisdiccional. Tamb\u00e9 si [&hellip;]<\/p>\n","protected":false},"author":1,"featured_media":0,"parent":2618,"menu_order":0,"comment_status":"closed","ping_status":"closed","template":"elementor_header_footer","meta":[],"yoast_head":"<!-- This site is optimized with the Yoast SEO plugin v14.4.1 - https:\/\/yoast.com\/wordpress\/plugins\/seo\/ -->\n<title>Propietat vertical - Barcons &amp; Gibert - Administradors de Finques<\/title>\n<meta name=\"description\" content=\"Propietat vertical fa refer\u00e8ncia a un edifici on tots els immobles s\u00f3n d\u2019una mateixa propietat, no hi ha una quota a pagar pels elements comuns a mantenir.\" \/>\n<meta name=\"robots\" content=\"index, follow\" \/>\n<meta name=\"googlebot\" content=\"index, follow, max-snippet:-1, max-image-preview:large, max-video-preview:-1\" \/>\n<meta name=\"bingbot\" content=\"index, follow, max-snippet:-1, max-image-preview:large, max-video-preview:-1\" \/>\n<link rel=\"canonical\" href=\"https:\/\/www.barconsgibert.es\/ca\/servicios\/propiedad-vertical\/\" \/>\n<meta property=\"og:locale\" content=\"ca_ES\" \/>\n<meta property=\"og:type\" content=\"article\" \/>\n<meta property=\"og:title\" content=\"Propietat vertical - Barcons &amp; Gibert - Administradors de Finques\" \/>\n<meta property=\"og:description\" content=\"Propietat vertical fa refer\u00e8ncia a un edifici on tots els immobles s\u00f3n d\u2019una mateixa propietat, no hi ha una quota a pagar pels elements comuns a mantenir.\" \/>\n<meta property=\"og:url\" content=\"https:\/\/www.barconsgibert.es\/servicios\/propiedad-vertical\/\" \/>\n<meta property=\"og:site_name\" content=\"Barcons &amp; Gibert\" \/>\n<meta property=\"article:modified_time\" content=\"2020-07-03T14:33:36+00:00\" \/>\n<meta name=\"twitter:card\" content=\"summary_large_image\" \/>\n<script type=\"application\/ld+json\" class=\"yoast-schema-graph\">{\"@context\":\"https:\/\/schema.org\",\"@graph\":[{\"@type\":\"Organization\",\"@id\":\"https:\/\/www.barconsgibert.es\/ca\/#organization\",\"name\":\"Barcons Gibert\",\"url\":\"https:\/\/www.barconsgibert.es\/ca\/\",\"sameAs\":[],\"logo\":{\"@type\":\"ImageObject\",\"@id\":\"https:\/\/www.barconsgibert.es\/ca\/#logo\",\"inLanguage\":\"ca\",\"url\":\"https:\/\/www.barconsgibert.es\/wp-content\/uploads\/2020\/05\/barcons-gibert-logo-xarxes.jpg\",\"width\":1000,\"height\":1000,\"caption\":\"Barcons Gibert\"},\"image\":{\"@id\":\"https:\/\/www.barconsgibert.es\/ca\/#logo\"}},{\"@type\":\"WebSite\",\"@id\":\"https:\/\/www.barconsgibert.es\/ca\/#website\",\"url\":\"https:\/\/www.barconsgibert.es\/ca\/\",\"name\":\"Barcons &amp; Gibert\",\"description\":\"Administrador de Finques\",\"publisher\":{\"@id\":\"https:\/\/www.barconsgibert.es\/ca\/#organization\"},\"potentialAction\":[{\"@type\":\"SearchAction\",\"target\":\"https:\/\/www.barconsgibert.es\/ca\/?s={search_term_string}\",\"query-input\":\"required name=search_term_string\"}],\"inLanguage\":\"ca\"},{\"@type\":\"WebPage\",\"@id\":\"https:\/\/www.barconsgibert.es\/servicios\/propiedad-vertical\/#webpage\",\"url\":\"https:\/\/www.barconsgibert.es\/servicios\/propiedad-vertical\/\",\"name\":\"Propietat vertical - Barcons & Gibert - Administradors de Finques\",\"isPartOf\":{\"@id\":\"https:\/\/www.barconsgibert.es\/ca\/#website\"},\"datePublished\":\"2020-05-13T16:03:33+00:00\",\"dateModified\":\"2020-07-03T14:33:36+00:00\",\"description\":\"Propietat vertical fa refer\\u00e8ncia a un edifici on tots els immobles s\\u00f3n d\\u2019una mateixa propietat, no hi ha una quota a pagar pels elements comuns a mantenir.\",\"inLanguage\":\"ca\",\"potentialAction\":[{\"@type\":\"ReadAction\",\"target\":[\"https:\/\/www.barconsgibert.es\/servicios\/propiedad-vertical\/\"]}]}]}<\/script>\n<!-- \/ Yoast SEO plugin. -->","_links":{"self":[{"href":"https:\/\/www.barconsgibert.es\/ca\/wp-json\/wp\/v2\/pages\/2694"}],"collection":[{"href":"https:\/\/www.barconsgibert.es\/ca\/wp-json\/wp\/v2\/pages"}],"about":[{"href":"https:\/\/www.barconsgibert.es\/ca\/wp-json\/wp\/v2\/types\/page"}],"author":[{"embeddable":true,"href":"https:\/\/www.barconsgibert.es\/ca\/wp-json\/wp\/v2\/users\/1"}],"replies":[{"embeddable":true,"href":"https:\/\/www.barconsgibert.es\/ca\/wp-json\/wp\/v2\/comments?post=2694"}],"version-history":[{"count":8,"href":"https:\/\/www.barconsgibert.es\/ca\/wp-json\/wp\/v2\/pages\/2694\/revisions"}],"predecessor-version":[{"id":3147,"href":"https:\/\/www.barconsgibert.es\/ca\/wp-json\/wp\/v2\/pages\/2694\/revisions\/3147"}],"up":[{"embeddable":true,"href":"https:\/\/www.barconsgibert.es\/ca\/wp-json\/wp\/v2\/pages\/2618"}],"wp:attachment":[{"href":"https:\/\/www.barconsgibert.es\/ca\/wp-json\/wp\/v2\/media?parent=2694"}],"curies":[{"name":"wp","href":"https:\/\/api.w.org\/{rel}","templated":true}]}}